{"id":292,"date":"2018-11-08T04:43:33","date_gmt":"2018-11-08T03:43:33","guid":{"rendered":"http:\/\/cariscos.com\/?page_id=292"},"modified":"2026-01-29T22:39:02","modified_gmt":"2026-01-30T02:39:02","slug":"join-us","status":"publish","type":"page","link":"https:\/\/cariscos.com\/fr\/join-us\/","title":{"rendered":"Rejoignez-nous"},"content":{"rendered":"<div data-elementor-type=\"wp-page\" data-elementor-id=\"292\" class=\"elementor elementor-292\" data-elementor-post-type=\"page\">\n\t\t\t\t\t\t<section class=\"has_ae_slider elementor-section elementor-top-section elementor-element elementor-element-6a76dcda elementor-section-boxed elementor-section-height-default elementor-section-height-default ae-bg-gallery-type-default\" data-id=\"6a76dcda\" data-element_type=\"section\" data-settings=\"{&quot;jet_parallax_layout_list&quot;:[{&quot;jet_parallax_layout_image&quot;:{&quot;url&quot;:&quot;&quot;,&quot;id&quot;:&quot;&quot;,&quot;size&quot;:&quot;&quot;},&quot;_id&quot;:&quot;02a5fec&quot;,&quot;jet_parallax_layout_image_tablet&quot;:{&quot;url&quot;:&quot;&quot;,&quot;id&quot;:&quot;&quot;,&quot;size&quot;:&quot;&quot;},&quot;jet_parallax_layout_image_mobile&quot;:{&quot;url&quot;:&quot;&quot;,&quot;id&quot;:&quot;&quot;,&quot;size&quot;:&quot;&quot;},&quot;jet_parallax_layout_speed&quot;:{&quot;unit&quot;:&quot;%&quot;,&quot;size&quot;:50,&quot;sizes&quot;:[]},&quot;jet_parallax_layout_type&quot;:&quot;scroll&quot;,&quot;jet_parallax_layout_direction&quot;:null,&quot;jet_parallax_layout_fx_direction&quot;:null,&quot;jet_parallax_layout_z_index&quot;:&quot;&quot;,&quot;jet_parallax_layout_bg_x&quot;:50,&quot;jet_parallax_layout_bg_x_tablet&quot;:&quot;&quot;,&quot;jet_parallax_layout_bg_x_mobile&quot;:&quot;&quot;,&quot;jet_parallax_layout_bg_y&quot;:50,&quot;jet_parallax_layout_bg_y_tablet&quot;:&quot;&quot;,&quot;jet_parallax_layout_bg_y_mobile&quot;:&quot;&quot;,&quot;jet_parallax_layout_bg_size&quot;:&quot;auto&quot;,&quot;jet_parallax_layout_bg_size_tablet&quot;:&quot;&quot;,&quot;jet_parallax_layout_bg_size_mobile&quot;:&quot;&quot;,&quot;jet_parallax_layout_animation_prop&quot;:&quot;transform&quot;,&quot;jet_parallax_layout_on&quot;:[&quot;desktop&quot;,&quot;tablet&quot;]}]}\">\n\t\t\t\t\t\t<div class=\"elementor-container elementor-column-gap-default\">\n\t\t\t\t\t<div class=\"has_ae_slider elementor-column elementor-col-100 elementor-top-column elementor-element elementor-element-31714380 ae-bg-gallery-type-default\" data-id=\"31714380\" data-element_type=\"column\">\n\t\t\t<div class=\"elementor-widget-wrap elementor-element-populated\">\n\t\t\t\t\t\t<div class=\"elementor-element elementor-element-830643c elementor-widget elementor-widget-image\" data-id=\"830643c\" data-element_type=\"widget\" data-widget_type=\"image.default\">\n\t\t\t\t<div class=\"elementor-widget-container\">\n\t\t\t\t\t\t\t\t\t\t\t\t\t<img fetchpriority=\"high\" decoding=\"async\" width=\"768\" height=\"621\" src=\"https:\/\/cariscos.com\/wp-content\/uploads\/2026\/01\/Rejoignez-nous_1-768x621-1.jpg\" class=\"attachment-large size-large wp-image-11348\" alt=\"\" srcset=\"https:\/\/cariscos.com\/wp-content\/uploads\/2026\/01\/Rejoignez-nous_1-768x621-1.jpg 768w, https:\/\/cariscos.com\/wp-content\/uploads\/2026\/01\/Rejoignez-nous_1-768x621-1-300x243.jpg 300w, https:\/\/cariscos.com\/wp-content\/uploads\/2026\/01\/Rejoignez-nous_1-768x621-1-15x12.jpg 15w\" sizes=\"(max-width: 768px) 100vw, 768px\" \/>\t\t\t\t\t\t\t\t\t\t\t\t\t<\/div>\n\t\t\t\t<\/div>\n\t\t\t\t<section class=\"has_ae_slider elementor-section elementor-inner-section elementor-element elementor-element-7eeda04 elementor-section-boxed elementor-section-height-default elementor-section-height-default ae-bg-gallery-type-default\" data-id=\"7eeda04\" data-element_type=\"section\" data-settings=\"{&quot;jet_parallax_layout_list&quot;:[]}\">\n\t\t\t\t\t\t<div class=\"elementor-container elementor-column-gap-default\">\n\t\t\t\t\t<div class=\"has_ae_slider elementor-column elementor-col-50 elementor-inner-column elementor-element elementor-element-4a2cc9b ae-bg-gallery-type-default\" data-id=\"4a2cc9b\" data-element_type=\"column\">\n\t\t\t<div class=\"elementor-widget-wrap elementor-element-populated\">\n\t\t\t\t\t\t<div class=\"elementor-element elementor-element-61d4ae6 elementor-widget__width-initial elementor-widget elementor-widget-text-editor\" data-id=\"61d4ae6\" data-element_type=\"widget\" data-widget_type=\"text-editor.default\">\n\t\t\t\t<div class=\"elementor-widget-container\">\n\t\t\t\t\t\t\t<p><span style=\"color: #333399;\"><strong>Adh\u00e9sion des membres physiques<\/strong><\/span><\/p><p>En devenant membre de CARISCOS\u00ae vous b\u00e9n\u00e9ficierez de nombreux avantages:<\/p><p>\u2022Faire partie du premier r\u00e9seau carib\u00e9en de scientifiques cosm\u00e9tiques<br \/>\u2022Acc\u00e9der \u00e0 des informations fiables gr\u00e2ce \u00e0 nos experts en science cosm\u00e9tique<br \/>\u2022Un tarif pr\u00e9f\u00e9rentiel \u00e0 nos \u00e9v\u00e9nements<br \/>\u2022Faire valoir votre expertise lors de nos \u00e9v\u00e9nements et de nos partenariats<br \/>\u2022Invitation aux rencontres virtuelles et en pr\u00e9sentiel de CARISCOS\u00ae<br \/>\u2022Un acc\u00e8s illimit\u00e9 aux webinaires CARISCOS\u00ae<br \/>\u2022Un acc\u00e8s aux coordonn\u00e9es directes des membres de l\u2019annuaire CARISCOS\u00ae<\/p><p><span style=\"color: #000000;\"><strong><u>TARIFS :<\/u><\/strong><\/span><\/p><ul><li><span style=\"color: #000000;\">Droit d\u2019entr\u00e9e : 30\u20ac<\/span><\/li><li><span style=\"color: #000000;\">Cotisation annuelle : 50\u20ac<\/span><\/li><\/ul><p><span style=\"color: #000000;\"><strong><u>REDUCTIONS :<\/u><\/strong><\/span><\/p><ul><li><span style=\"color: #000000;\">Etudiant : - 50% de la cotisation annuelle et exemption des droits d\u2019entr\u00e9e<\/span><\/li><li><span style=\"color: #000000;\">Demandeur d\u2019emploi : - 50% de la cotisation annuelle<\/span><\/li><li><span style=\"color: #000000;\">Retrait\u00e9 : - 30% de la cotisation annuelle<\/span><\/li><\/ul>\t\t\t\t\t\t<\/div>\n\t\t\t\t<\/div>\n\t\t\t\t\t<\/div>\n\t\t<\/div>\n\t\t\t\t<div class=\"has_ae_slider elementor-column elementor-col-50 elementor-inner-column elementor-element elementor-element-2591b80 ae-bg-gallery-type-default\" data-id=\"2591b80\" data-element_type=\"column\">\n\t\t\t<div class=\"elementor-widget-wrap elementor-element-populated\">\n\t\t\t\t\t\t<div class=\"elementor-element elementor-element-f4c8b6c elementor-widget elementor-widget-text-editor\" data-id=\"f4c8b6c\" data-element_type=\"widget\" data-widget_type=\"text-editor.default\">\n\t\t\t\t<div class=\"elementor-widget-container\">\n\t\t\t\t\t\t\t<p><strong style=\"color: #333399;\">Adh\u00e9sion des membres moraux<\/strong><\/p><p><span style=\"color: #000000;\">En devenant membre moral de CARISCOS\u00ae vous b\u00e9n\u00e9ficierez de nombreux avantages:<\/span><\/p><ul><li><span style=\"color: #000000;\">Un tarif pr\u00e9f\u00e9rentiel \u00e0 nos \u00e9v\u00e9nements et \u00e0 ceux de nos partenaires pour vos collaborateurs<\/span><\/li><li><span style=\"color: #000000;\">Une remise sur les abonnements annuels avec nos partenaires (outils de veille scientifique, logiciels, r\u00e9seaux business,\u2026)<\/span><\/li><li><span style=\"color: #000000;\">Faire valoir vos produits et services lors de nos \u00e9v\u00e9nements et de ceux de nos partenaires<\/span><\/li><li><span style=\"color: #000000;\">Invitation aux rencontres virtuelles et en pr\u00e9sentiel de CARISCOS\u00ae<\/span><\/li><li><span style=\"color: #000000;\">Un acc\u00e8s illimit\u00e9 aux webinaires CARISCOS\u00ae<\/span><\/li><li><span style=\"color: #000000;\">Un acc\u00e8s aux coordonn\u00e9es directes des membres de l\u2019annuaire CARISCOS\u00ae<\/span><\/li><\/ul><p><span style=\"color: #000000;\"><u><b>T<\/b><\/u><u><b>AR<\/b><\/u><u><b>IFS :<\/b><\/u><\/span><\/p><p><span style=\"color: #000000;\">Droit d\u2019entr\u00e9e: 50\u20ac<\/span><\/p><p><span style=\"color: #000000;\">Cotisation annuelle:<\/span><\/p><ul style=\"list-style-type: disc;\"><li><span style=\"color: #000000;\">Association \/Auto-entrepreneurs\/Entrepreneurs Individuels: 150\u20ac<\/span><\/li><li><span style=\"color: #000000;\">\u00a0Entreprises (hors EI), Fondations, Coop\u00e9ratives, Conseils d\u2019Entreprise (CE) :450\u20ac<\/span><\/li><li><span style=\"color: #000000;\">Universit\u00e9s, Centres de Recherche et D\u00e9veloppement, Institutions publiques : 550\u20ac<\/span><\/li><li><span style=\"color: #000000;\">\u00a0Collectivit\u00e9s de moins de 20 000 habitants : 850\u20ac<\/span><\/li><li><span style=\"color: #000000;\">\u00a0Collectivit\u00e9s de plus de 20 000 habitants : 1150\u20ac<\/span><\/li><\/ul>\t\t\t\t\t\t<\/div>\n\t\t\t\t<\/div>\n\t\t\t\t\t<\/div>\n\t\t<\/div>\n\t\t\t\t\t<\/div>\n\t\t<\/section>\n\t\t\t\t<section class=\"has_ae_slider elementor-section elementor-inner-section elementor-element elementor-element-5d7806f elementor-section-boxed elementor-section-height-default elementor-section-height-default ae-bg-gallery-type-default\" data-id=\"5d7806f\" data-element_type=\"section\" data-settings=\"{&quot;jet_parallax_layout_list&quot;:[]}\">\n\t\t\t\t\t\t<div class=\"elementor-container elementor-column-gap-default\">\n\t\t\t\t\t<div class=\"has_ae_slider elementor-column elementor-col-50 elementor-inner-column elementor-element elementor-element-c760827 ae-bg-gallery-type-default\" data-id=\"c760827\" data-element_type=\"column\">\n\t\t\t<div class=\"elementor-widget-wrap elementor-element-populated\">\n\t\t\t\t\t\t<div class=\"elementor-element elementor-element-01c8a42 elementor-align-center elementor-widget elementor-widget-button\" data-id=\"01c8a42\" data-element_type=\"widget\" data-widget_type=\"button.default\">\n\t\t\t\t<div class=\"elementor-widget-container\">\n\t\t\t\t\t<div class=\"elementor-button-wrapper\">\n\t\t\t<a class=\"elementor-button elementor-button-link elementor-size-sm\" href=\"https:\/\/cariscos.com\/fr\/se-connecter\/\" id=\"https:\/\/cariscos.com\/se-connecter\/\">\n\t\t\t\t\t\t<span class=\"elementor-button-content-wrapper\">\n\t\t\t\t\t\t\t\t\t<span class=\"elementor-button-text\">Devenir membre physique<\/span>\n\t\t\t\t\t<\/span>\n\t\t\t\t\t<\/a>\n\t\t<\/div>\n\t\t\t\t<\/div>\n\t\t\t\t<\/div>\n\t\t\t\t\t<\/div>\n\t\t<\/div>\n\t\t\t\t<div class=\"has_ae_slider elementor-column elementor-col-50 elementor-inner-column elementor-element elementor-element-b17fa33 ae-bg-gallery-type-default\" data-id=\"b17fa33\" data-element_type=\"column\">\n\t\t\t<div class=\"elementor-widget-wrap elementor-element-populated\">\n\t\t\t\t\t\t<div class=\"elementor-element elementor-element-af24f9f elementor-align-center elementor-widget elementor-widget-button\" data-id=\"af24f9f\" data-element_type=\"widget\" data-widget_type=\"button.default\">\n\t\t\t\t<div class=\"elementor-widget-container\">\n\t\t\t\t\t<div class=\"elementor-button-wrapper\">\n\t\t\t<a class=\"elementor-button elementor-button-link elementor-size-sm\" href=\"https:\/\/forms.gle\/zJn7yehWmeraicxy7\" id=\"https:\/\/cariscos.com\/se-connecter\/\">\n\t\t\t\t\t\t<span class=\"elementor-button-content-wrapper\">\n\t\t\t\t\t\t\t\t\t<span class=\"elementor-button-text\">Devenir membre moral - Formulaire anglais<\/span>\n\t\t\t\t\t<\/span>\n\t\t\t\t\t<\/a>\n\t\t<\/div>\n\t\t\t\t<\/div>\n\t\t\t\t<\/div>\n\t\t\t\t<div class=\"elementor-element elementor-element-9626772 elementor-align-center elementor-widget elementor-widget-button\" data-id=\"9626772\" data-element_type=\"widget\" data-widget_type=\"button.default\">\n\t\t\t\t<div class=\"elementor-widget-container\">\n\t\t\t\t\t<div class=\"elementor-button-wrapper\">\n\t\t\t<a class=\"elementor-button elementor-button-link elementor-size-sm\" href=\"https:\/\/forms.gle\/PZB6aTvUWYymat6W6\" id=\"https:\/\/cariscos.com\/se-connecter\/\">\n\t\t\t\t\t\t<span class=\"elementor-button-content-wrapper\">\n\t\t\t\t\t\t\t\t\t<span class=\"elementor-button-text\">Devenir membre moral - Formulaire fran\u00e7ais<\/span>\n\t\t\t\t\t<\/span>\n\t\t\t\t\t<\/a>\n\t\t<\/div>\n\t\t\t\t<\/div>\n\t\t\t\t<\/div>\n\t\t\t\t\t<\/div>\n\t\t<\/div>\n\t\t\t\t\t<\/div>\n\t\t<\/section>\n\t\t\t\t\t<\/div>\n\t\t<\/div>\n\t\t\t\t\t<\/div>\n\t\t<\/section>\n\t\t\t\t<\/div>","protected":false},"excerpt":{"rendered":"<p>Membership for physical members By becoming a member of CARISCOS\u00ae, you will enjoy numerous benefits: \u2022Be part of the leading Caribbean network of cosmetic scientists\u2022Access reliable information thanks to our&hellip;<\/p>","protected":false},"author":1,"featured_media":0,"parent":0,"menu_order":0,"comment_status":"closed","ping_status":"closed","template":"","meta":{"_monsterinsights_skip_tracking":false,"_monsterinsights_sitenote_active":false,"_monsterinsights_sitenote_note":"","_monsterinsights_sitenote_category":0,"footnotes":""},"acf":[],"yoast_head":"<!-- This site is optimized with the Yoast SEO plugin v22.4 - https:\/\/yoast.com\/wordpress\/plugins\/seo\/ -->\n<title>Join us - CARISCOS<\/title>\n<meta name=\"robots\" content=\"index, follow, max-snippet:-1, max-image-preview:large, max-video-preview:-1\" \/>\n<link rel=\"canonical\" href=\"https:\/\/cariscos.com\/fr\/join-us\/\" \/>\n<meta property=\"og:locale\" content=\"fr_FR\" \/>\n<meta property=\"og:type\" content=\"article\" \/>\n<meta property=\"og:title\" content=\"Join us - CARISCOS\" \/>\n<meta property=\"og:description\" content=\"Membership for physical members By becoming a member of CARISCOS\u00ae, you will enjoy numerous benefits: \u2022Be part of the leading Caribbean network of cosmetic scientists\u2022Access reliable information thanks to our&hellip;\" \/>\n<meta property=\"og:url\" content=\"https:\/\/cariscos.com\/fr\/join-us\/\" \/>\n<meta property=\"og:site_name\" content=\"CARISCOS\" \/>\n<meta property=\"article:modified_time\" content=\"2026-01-30T02:39:02+00:00\" \/>\n<meta property=\"og:image\" content=\"https:\/\/cariscos.com\/wp-content\/uploads\/2026\/01\/Rejoignez-nous_1-768x621-1.jpg\" \/>\n<meta name=\"twitter:card\" content=\"summary_large_image\" \/>\n<meta name=\"twitter:label1\" content=\"Dur\u00e9e de lecture estim\u00e9e\" \/>\n\t<meta name=\"twitter:data1\" content=\"1 minute\" \/>\n<script type=\"application\/ld+json\" class=\"yoast-schema-graph\">{\"@context\":\"https:\/\/schema.org\",\"@graph\":[{\"@type\":\"WebPage\",\"@id\":\"https:\/\/cariscos.com\/join-us\/\",\"url\":\"https:\/\/cariscos.com\/join-us\/\",\"name\":\"Join us - CARISCOS\",\"isPartOf\":{\"@id\":\"https:\/\/cariscos.com\/#website\"},\"primaryImageOfPage\":{\"@id\":\"https:\/\/cariscos.com\/join-us\/#primaryimage\"},\"image\":{\"@id\":\"https:\/\/cariscos.com\/join-us\/#primaryimage\"},\"thumbnailUrl\":\"https:\/\/cariscos.com\/wp-content\/uploads\/2026\/01\/Rejoignez-nous_1-768x621-1.jpg\",\"datePublished\":\"2018-11-08T03:43:33+00:00\",\"dateModified\":\"2026-01-30T02:39:02+00:00\",\"breadcrumb\":{\"@id\":\"https:\/\/cariscos.com\/join-us\/#breadcrumb\"},\"inLanguage\":\"fr-FR\",\"potentialAction\":[{\"@type\":\"ReadAction\",\"target\":[\"https:\/\/cariscos.com\/join-us\/\"]}]},{\"@type\":\"ImageObject\",\"inLanguage\":\"fr-FR\",\"@id\":\"https:\/\/cariscos.com\/join-us\/#primaryimage\",\"url\":\"https:\/\/cariscos.com\/wp-content\/uploads\/2026\/01\/Rejoignez-nous_1-768x621-1.jpg\",\"contentUrl\":\"https:\/\/cariscos.com\/wp-content\/uploads\/2026\/01\/Rejoignez-nous_1-768x621-1.jpg\"},{\"@type\":\"BreadcrumbList\",\"@id\":\"https:\/\/cariscos.com\/join-us\/#breadcrumb\",\"itemListElement\":[{\"@type\":\"ListItem\",\"position\":1,\"name\":\"Accueil\",\"item\":\"https:\/\/cariscos.com\/\"},{\"@type\":\"ListItem\",\"position\":2,\"name\":\"Join us\"}]},{\"@type\":\"WebSite\",\"@id\":\"https:\/\/cariscos.com\/#website\",\"url\":\"https:\/\/cariscos.com\/\",\"name\":\"CARISCOS\",\"description\":\"The Caribbean Society of Cosmetic Scientists\",\"publisher\":{\"@id\":\"https:\/\/cariscos.com\/#organization\"},\"potentialAction\":[{\"@type\":\"SearchAction\",\"target\":{\"@type\":\"EntryPoint\",\"urlTemplate\":\"https:\/\/cariscos.com\/?s={search_term_string}\"},\"query-input\":\"required name=search_term_string\"}],\"inLanguage\":\"fr-FR\"},{\"@type\":\"Organization\",\"@id\":\"https:\/\/cariscos.com\/#organization\",\"name\":\"CARISCOS\",\"url\":\"https:\/\/cariscos.com\/\",\"logo\":{\"@type\":\"ImageObject\",\"inLanguage\":\"fr-FR\",\"@id\":\"https:\/\/cariscos.com\/#\/schema\/logo\/image\/\",\"url\":\"https:\/\/cariscos.com\/wp-content\/uploads\/2018\/12\/CARISCOS-couleur2.png\",\"contentUrl\":\"https:\/\/cariscos.com\/wp-content\/uploads\/2018\/12\/CARISCOS-couleur2.png\",\"width\":200,\"height\":77,\"caption\":\"CARISCOS\"},\"image\":{\"@id\":\"https:\/\/cariscos.com\/#\/schema\/logo\/image\/\"}}]}<\/script>\n<!-- \/ Yoast SEO plugin. -->","yoast_head_json":{"title":"Join us - CARISCOS","robots":{"index":"index","follow":"follow","max-snippet":"max-snippet:-1","max-image-preview":"max-image-preview:large","max-video-preview":"max-video-preview:-1"},"canonical":"https:\/\/cariscos.com\/fr\/join-us\/","og_locale":"fr_FR","og_type":"article","og_title":"Join us - CARISCOS","og_description":"Membership for physical members By becoming a member of CARISCOS\u00ae, you will enjoy numerous benefits: \u2022Be part of the leading Caribbean network of cosmetic scientists\u2022Access reliable information thanks to our&hellip;","og_url":"https:\/\/cariscos.com\/fr\/join-us\/","og_site_name":"CARISCOS","article_modified_time":"2026-01-30T02:39:02+00:00","og_image":[{"url":"https:\/\/cariscos.com\/wp-content\/uploads\/2026\/01\/Rejoignez-nous_1-768x621-1.jpg"}],"twitter_card":"summary_large_image","twitter_misc":{"Dur\u00e9e de lecture estim\u00e9e":"1 minute"},"schema":{"@context":"https:\/\/schema.org","@graph":[{"@type":"WebPage","@id":"https:\/\/cariscos.com\/join-us\/","url":"https:\/\/cariscos.com\/join-us\/","name":"Join us - CARISCOS","isPartOf":{"@id":"https:\/\/cariscos.com\/#website"},"primaryImageOfPage":{"@id":"https:\/\/cariscos.com\/join-us\/#primaryimage"},"image":{"@id":"https:\/\/cariscos.com\/join-us\/#primaryimage"},"thumbnailUrl":"https:\/\/cariscos.com\/wp-content\/uploads\/2026\/01\/Rejoignez-nous_1-768x621-1.jpg","datePublished":"2018-11-08T03:43:33+00:00","dateModified":"2026-01-30T02:39:02+00:00","breadcrumb":{"@id":"https:\/\/cariscos.com\/join-us\/#breadcrumb"},"inLanguage":"fr-FR","potentialAction":[{"@type":"ReadAction","target":["https:\/\/cariscos.com\/join-us\/"]}]},{"@type":"ImageObject","inLanguage":"fr-FR","@id":"https:\/\/cariscos.com\/join-us\/#primaryimage","url":"https:\/\/cariscos.com\/wp-content\/uploads\/2026\/01\/Rejoignez-nous_1-768x621-1.jpg","contentUrl":"https:\/\/cariscos.com\/wp-content\/uploads\/2026\/01\/Rejoignez-nous_1-768x621-1.jpg"},{"@type":"BreadcrumbList","@id":"https:\/\/cariscos.com\/join-us\/#breadcrumb","itemListElement":[{"@type":"ListItem","position":1,"name":"Accueil","item":"https:\/\/cariscos.com\/"},{"@type":"ListItem","position":2,"name":"Join us"}]},{"@type":"WebSite","@id":"https:\/\/cariscos.com\/#website","url":"https:\/\/cariscos.com\/","name":"CARISCOS","description":"The Caribbean Society of Cosmetic Scientists","publisher":{"@id":"https:\/\/cariscos.com\/#organization"},"potentialAction":[{"@type":"SearchAction","target":{"@type":"EntryPoint","urlTemplate":"https:\/\/cariscos.com\/?s={search_term_string}"},"query-input":"required name=search_term_string"}],"inLanguage":"fr-FR"},{"@type":"Organization","@id":"https:\/\/cariscos.com\/#organization","name":"CARISCOS","url":"https:\/\/cariscos.com\/","logo":{"@type":"ImageObject","inLanguage":"fr-FR","@id":"https:\/\/cariscos.com\/#\/schema\/logo\/image\/","url":"https:\/\/cariscos.com\/wp-content\/uploads\/2018\/12\/CARISCOS-couleur2.png","contentUrl":"https:\/\/cariscos.com\/wp-content\/uploads\/2018\/12\/CARISCOS-couleur2.png","width":200,"height":77,"caption":"CARISCOS"},"image":{"@id":"https:\/\/cariscos.com\/#\/schema\/logo\/image\/"}}]}},"_links":{"self":[{"href":"https:\/\/cariscos.com\/fr\/wp-json\/wp\/v2\/pages\/292"}],"collection":[{"href":"https:\/\/cariscos.com\/fr\/wp-json\/wp\/v2\/pages"}],"about":[{"href":"https:\/\/cariscos.com\/fr\/wp-json\/wp\/v2\/types\/page"}],"author":[{"embeddable":true,"href":"https:\/\/cariscos.com\/fr\/wp-json\/wp\/v2\/users\/1"}],"replies":[{"embeddable":true,"href":"https:\/\/cariscos.com\/fr\/wp-json\/wp\/v2\/comments?post=292"}],"version-history":[{"count":44,"href":"https:\/\/cariscos.com\/fr\/wp-json\/wp\/v2\/pages\/292\/revisions"}],"predecessor-version":[{"id":11364,"href":"https:\/\/cariscos.com\/fr\/wp-json\/wp\/v2\/pages\/292\/revisions\/11364"}],"wp:attachment":[{"href":"https:\/\/cariscos.com\/fr\/wp-json\/wp\/v2\/media?parent=292"}],"curies":[{"name":"wp","href":"https:\/\/api.w.org\/{rel}","templated":true}]}}