{"id":304,"date":"2018-11-08T05:00:18","date_gmt":"2018-11-08T04:00:18","guid":{"rendered":"http:\/\/cariscos.com\/?page_id=304"},"modified":"2018-11-12T04:07:53","modified_gmt":"2018-11-12T03:07:53","slug":"legal-notice","status":"publish","type":"page","link":"https:\/\/cariscos.com\/fr\/legal-notice\/","title":{"rendered":"Mentions l\u00e9gales"},"content":{"rendered":"<p><strong>Le site de CARISCOS (www.cariscos.com) est \u00e9dit\u00e9 par :<br \/>\nCariscos, 5 route de Tonelle, 97139, Les Abymes, Guadeloupe.<\/strong><br \/>\n<strong>Directrice de publication : Addie Gombauld<br \/>\n<\/strong><\/p>\n<p>Ce site est cr\u00e9\u00e9 sur WordPress. Th\u00e8me : Croccante \u2013 Premium WordPress Theme.<br \/>\nIl est\u00a0h\u00e9berg\u00e9 par\u00a0<a href=\"http:\/\/www.ovh.com\/fr\" target=\"_blank\" rel=\"noopener noreferrer\">la soci\u00e9t\u00e9 OVH<\/a>, 2 rue Kellermann \u2013 59100 Roubaix \u2013 France.<\/p>\n<h2 class=\"widgettitle\">Droits d\u2019auteur<\/h2>\n<div class=\"textwidget\">\n<p>Les textes publi\u00e9s sur ce site appartiennent \u00e0 CARISCOS, sauf indication contraire.<br \/>\n<strong>Toute reproduction (partielle ou totale) est interdite sans l\u2019autorisation de CARISCOS.<\/strong><br \/>\nMerci de respecter\u00a0<a href=\"https:\/\/www.service-public.fr\/professionnels-entreprises\/vosdroits\/F23431\" target=\"_blank\" rel=\"noopener noreferrer\">les droits d\u2019auteur<\/a>, et<span class=\"s1\">\u00a0de ne pas copier,\u00a0reproduire, modifier, r\u00e9\u00e9diter\u00a0ou\u00a0distribuer ces textes.<\/span><\/p>\n<\/div>\n<h2 class=\"widgettitle\">Cookies<\/h2>\n<div class=\"textwidget\">\n<p>Ce site utilise\u00a0<a href=\"https:\/\/www.cnil.fr\/fr\/site-web-cookies-et-autres-traceurs\" target=\"_blank\" rel=\"noopener noreferrer\">des cookies<\/a>. Les statistiques et informations collect\u00e9es permettent d\u2019am\u00e9liorer\u00a0l\u2019exp\u00e9rience utilisateur.<br \/>\nCARISCOS ne divulgue pas les donn\u00e9es personnelles vous concernant\u00a0\u00e0 des tiers.<\/p>\n<\/div>\n<p><em>\u00a0<\/em><\/p>","protected":false},"excerpt":{"rendered":"<p>Le site de CARISCOS (www.cariscos.com) est \u00e9dit\u00e9 par : Cariscos, 5 route de Tonelle, 97139, Les Abymes, Guadeloupe. Directrice de publication : Addie Gombauld Ce site est cr\u00e9\u00e9 sur WordPress.&hellip;<\/p>","protected":false},"author":1,"featured_media":191,"parent":0,"menu_order":0,"comment_status":"closed","ping_status":"closed","template":"","meta":{"_monsterinsights_skip_tracking":false,"_monsterinsights_sitenote_active":false,"_monsterinsights_sitenote_note":"","_monsterinsights_sitenote_category":0,"footnotes":""},"acf":[],"yoast_head":"<!-- This site is optimized with the Yoast SEO plugin v22.4 - https:\/\/yoast.com\/wordpress\/plugins\/seo\/ -->\n<title>Legal notice - CARISCOS<\/title>\n<meta name=\"robots\" content=\"index, follow, max-snippet:-1, max-image-preview:large, max-video-preview:-1\" \/>\n<link rel=\"canonical\" href=\"https:\/\/cariscos.com\/fr\/legal-notice\/\" \/>\n<meta property=\"og:locale\" content=\"fr_FR\" \/>\n<meta property=\"og:type\" content=\"article\" \/>\n<meta property=\"og:title\" content=\"Legal notice - CARISCOS\" \/>\n<meta property=\"og:description\" content=\"Le site de CARISCOS (www.cariscos.com) est \u00e9dit\u00e9 par : Cariscos, 5 route de Tonelle, 97139, Les Abymes, Guadeloupe. Directrice de publication : Addie Gombauld Ce site est cr\u00e9\u00e9 sur WordPress.&hellip;\" \/>\n<meta property=\"og:url\" content=\"https:\/\/cariscos.com\/fr\/legal-notice\/\" \/>\n<meta property=\"og:site_name\" content=\"CARISCOS\" \/>\n<meta property=\"article:modified_time\" content=\"2018-11-12T03:07:53+00:00\" \/>\n<meta property=\"og:image\" content=\"https:\/\/cariscos.com\/wp-content\/uploads\/2018\/11\/Logo-Complet.jpg\" \/>\n\t<meta property=\"og:image:width\" content=\"1184\" \/>\n\t<meta property=\"og:image:height\" content=\"561\" \/>\n\t<meta property=\"og:image:type\" content=\"image\/jpeg\" \/>\n<meta name=\"twitter:card\" content=\"summary_large_image\" \/>\n<meta name=\"twitter:label1\" content=\"Dur\u00e9e de lecture estim\u00e9e\" \/>\n\t<meta name=\"twitter:data1\" content=\"1 minute\" \/>\n<script type=\"application\/ld+json\" class=\"yoast-schema-graph\">{\"@context\":\"https:\/\/schema.org\",\"@graph\":[{\"@type\":\"WebPage\",\"@id\":\"https:\/\/cariscos.com\/legal-notice\/\",\"url\":\"https:\/\/cariscos.com\/legal-notice\/\",\"name\":\"Legal notice - CARISCOS\",\"isPartOf\":{\"@id\":\"https:\/\/cariscos.com\/#website\"},\"primaryImageOfPage\":{\"@id\":\"https:\/\/cariscos.com\/legal-notice\/#primaryimage\"},\"image\":{\"@id\":\"https:\/\/cariscos.com\/legal-notice\/#primaryimage\"},\"thumbnailUrl\":\"https:\/\/cariscos.com\/wp-content\/uploads\/2018\/11\/Logo-Complet.jpg\",\"datePublished\":\"2018-11-08T04:00:18+00:00\",\"dateModified\":\"2018-11-12T03:07:53+00:00\",\"breadcrumb\":{\"@id\":\"https:\/\/cariscos.com\/legal-notice\/#breadcrumb\"},\"inLanguage\":\"fr-FR\",\"potentialAction\":[{\"@type\":\"ReadAction\",\"target\":[\"https:\/\/cariscos.com\/legal-notice\/\"]}]},{\"@type\":\"ImageObject\",\"inLanguage\":\"fr-FR\",\"@id\":\"https:\/\/cariscos.com\/legal-notice\/#primaryimage\",\"url\":\"https:\/\/cariscos.com\/wp-content\/uploads\/2018\/11\/Logo-Complet.jpg\",\"contentUrl\":\"https:\/\/cariscos.com\/wp-content\/uploads\/2018\/11\/Logo-Complet.jpg\",\"width\":1184,\"height\":561},{\"@type\":\"BreadcrumbList\",\"@id\":\"https:\/\/cariscos.com\/legal-notice\/#breadcrumb\",\"itemListElement\":[{\"@type\":\"ListItem\",\"position\":1,\"name\":\"Accueil\",\"item\":\"https:\/\/cariscos.com\/\"},{\"@type\":\"ListItem\",\"position\":2,\"name\":\"Legal notice\"}]},{\"@type\":\"WebSite\",\"@id\":\"https:\/\/cariscos.com\/#website\",\"url\":\"https:\/\/cariscos.com\/\",\"name\":\"CARISCOS\",\"description\":\"The Caribbean Society of Cosmetic Scientists\",\"publisher\":{\"@id\":\"https:\/\/cariscos.com\/#organization\"},\"potentialAction\":[{\"@type\":\"SearchAction\",\"target\":{\"@type\":\"EntryPoint\",\"urlTemplate\":\"https:\/\/cariscos.com\/?s={search_term_string}\"},\"query-input\":\"required name=search_term_string\"}],\"inLanguage\":\"fr-FR\"},{\"@type\":\"Organization\",\"@id\":\"https:\/\/cariscos.com\/#organization\",\"name\":\"CARISCOS\",\"url\":\"https:\/\/cariscos.com\/\",\"logo\":{\"@type\":\"ImageObject\",\"inLanguage\":\"fr-FR\",\"@id\":\"https:\/\/cariscos.com\/#\/schema\/logo\/image\/\",\"url\":\"https:\/\/cariscos.com\/wp-content\/uploads\/2018\/12\/CARISCOS-couleur2.png\",\"contentUrl\":\"https:\/\/cariscos.com\/wp-content\/uploads\/2018\/12\/CARISCOS-couleur2.png\",\"width\":200,\"height\":77,\"caption\":\"CARISCOS\"},\"image\":{\"@id\":\"https:\/\/cariscos.com\/#\/schema\/logo\/image\/\"}}]}<\/script>\n<!-- \/ Yoast SEO plugin. -->","yoast_head_json":{"title":"Legal notice - CARISCOS","robots":{"index":"index","follow":"follow","max-snippet":"max-snippet:-1","max-image-preview":"max-image-preview:large","max-video-preview":"max-video-preview:-1"},"canonical":"https:\/\/cariscos.com\/fr\/legal-notice\/","og_locale":"fr_FR","og_type":"article","og_title":"Legal notice - CARISCOS","og_description":"Le site de CARISCOS (www.cariscos.com) est \u00e9dit\u00e9 par : Cariscos, 5 route de Tonelle, 97139, Les Abymes, Guadeloupe. Directrice de publication : Addie Gombauld Ce site est cr\u00e9\u00e9 sur WordPress.&hellip;","og_url":"https:\/\/cariscos.com\/fr\/legal-notice\/","og_site_name":"CARISCOS","article_modified_time":"2018-11-12T03:07:53+00:00","og_image":[{"width":1184,"height":561,"url":"https:\/\/cariscos.com\/wp-content\/uploads\/2018\/11\/Logo-Complet.jpg","type":"image\/jpeg"}],"twitter_card":"summary_large_image","twitter_misc":{"Dur\u00e9e de lecture estim\u00e9e":"1 minute"},"schema":{"@context":"https:\/\/schema.org","@graph":[{"@type":"WebPage","@id":"https:\/\/cariscos.com\/legal-notice\/","url":"https:\/\/cariscos.com\/legal-notice\/","name":"Legal notice - CARISCOS","isPartOf":{"@id":"https:\/\/cariscos.com\/#website"},"primaryImageOfPage":{"@id":"https:\/\/cariscos.com\/legal-notice\/#primaryimage"},"image":{"@id":"https:\/\/cariscos.com\/legal-notice\/#primaryimage"},"thumbnailUrl":"https:\/\/cariscos.com\/wp-content\/uploads\/2018\/11\/Logo-Complet.jpg","datePublished":"2018-11-08T04:00:18+00:00","dateModified":"2018-11-12T03:07:53+00:00","breadcrumb":{"@id":"https:\/\/cariscos.com\/legal-notice\/#breadcrumb"},"inLanguage":"fr-FR","potentialAction":[{"@type":"ReadAction","target":["https:\/\/cariscos.com\/legal-notice\/"]}]},{"@type":"ImageObject","inLanguage":"fr-FR","@id":"https:\/\/cariscos.com\/legal-notice\/#primaryimage","url":"https:\/\/cariscos.com\/wp-content\/uploads\/2018\/11\/Logo-Complet.jpg","contentUrl":"https:\/\/cariscos.com\/wp-content\/uploads\/2018\/11\/Logo-Complet.jpg","width":1184,"height":561},{"@type":"BreadcrumbList","@id":"https:\/\/cariscos.com\/legal-notice\/#breadcrumb","itemListElement":[{"@type":"ListItem","position":1,"name":"Accueil","item":"https:\/\/cariscos.com\/"},{"@type":"ListItem","position":2,"name":"Legal notice"}]},{"@type":"WebSite","@id":"https:\/\/cariscos.com\/#website","url":"https:\/\/cariscos.com\/","name":"CARISCOS","description":"The Caribbean Society of Cosmetic Scientists","publisher":{"@id":"https:\/\/cariscos.com\/#organization"},"potentialAction":[{"@type":"SearchAction","target":{"@type":"EntryPoint","urlTemplate":"https:\/\/cariscos.com\/?s={search_term_string}"},"query-input":"required name=search_term_string"}],"inLanguage":"fr-FR"},{"@type":"Organization","@id":"https:\/\/cariscos.com\/#organization","name":"CARISCOS","url":"https:\/\/cariscos.com\/","logo":{"@type":"ImageObject","inLanguage":"fr-FR","@id":"https:\/\/cariscos.com\/#\/schema\/logo\/image\/","url":"https:\/\/cariscos.com\/wp-content\/uploads\/2018\/12\/CARISCOS-couleur2.png","contentUrl":"https:\/\/cariscos.com\/wp-content\/uploads\/2018\/12\/CARISCOS-couleur2.png","width":200,"height":77,"caption":"CARISCOS"},"image":{"@id":"https:\/\/cariscos.com\/#\/schema\/logo\/image\/"}}]}},"_links":{"self":[{"href":"https:\/\/cariscos.com\/fr\/wp-json\/wp\/v2\/pages\/304"}],"collection":[{"href":"https:\/\/cariscos.com\/fr\/wp-json\/wp\/v2\/pages"}],"about":[{"href":"https:\/\/cariscos.com\/fr\/wp-json\/wp\/v2\/types\/page"}],"author":[{"embeddable":true,"href":"https:\/\/cariscos.com\/fr\/wp-json\/wp\/v2\/users\/1"}],"replies":[{"embeddable":true,"href":"https:\/\/cariscos.com\/fr\/wp-json\/wp\/v2\/comments?post=304"}],"version-history":[{"count":4,"href":"https:\/\/cariscos.com\/fr\/wp-json\/wp\/v2\/pages\/304\/revisions"}],"predecessor-version":[{"id":434,"href":"https:\/\/cariscos.com\/fr\/wp-json\/wp\/v2\/pages\/304\/revisions\/434"}],"wp:featuredmedia":[{"embeddable":true,"href":"https:\/\/cariscos.com\/fr\/wp-json\/wp\/v2\/media\/191"}],"wp:attachment":[{"href":"https:\/\/cariscos.com\/fr\/wp-json\/wp\/v2\/media?parent=304"}],"curies":[{"name":"wp","href":"https:\/\/api.w.org\/{rel}","templated":true}]}}