{"id":844,"date":"2021-08-04T16:02:25","date_gmt":"2021-08-04T14:02:25","guid":{"rendered":"https:\/\/cariscos.com\/register\/"},"modified":"2022-01-17T22:06:08","modified_gmt":"2022-01-18T02:06:08","slug":"register","status":"publish","type":"page","link":"https:\/\/cariscos.com\/fr\/register\/","title":{"rendered":"Cr\u00e9er mon compte"},"content":{"rendered":"<div class=\"iump-register-form ihc-register-14\"><form  method=\"post\"  name=\"createuser\" id=\"createuser\" class=\"ihc-form-create-edit\" enctype=\"multipart\/form-data\" action=\"\" ><div class=\"iump-form-line-register iump-form-text\" id=\"ihc_reg_text_5434\"><label class=\"iump-labels-register\"><span class=\"ihc-required-sign\">*<\/span>Nom d&#039;utilisateur<\/label><input type=\"text\" name=\"user_login\"  class=\"\" value=\"\" placeholder=\"\"   \/><\/div><div class=\"iump-form-line-register iump-form-text\" id=\"ihc_reg_text_8300\"><label class=\"iump-labels-register\"><span class=\"ihc-required-sign\">*<\/span>Email<\/label><input type=\"text\" name=\"user_email\"  class=\"\" value=\"\" placeholder=\"\"   \/><\/div><div class=\"iump-form-line-register iump-form-password\" id=\"ihc_reg_password_5521\"><label class=\"iump-labels-register\"><span class=\"ihc-required-sign\">*<\/span>Mot de passe<\/label><input type=\"password\" name=\"pass1\"  class=\"\" value=\"\" placeholder=\"\"  data-rules=\"6,1\"\/><div class=\"ihc-strength-wrapper\"><ul class=\"ihc-strength\"><li class=\"point\"><\/li><li class=\"point\"><\/li><li class=\"point\"><\/li><li class=\"point\"><\/li><li class=\"point\"><\/li><\/ul><div class=\"ihc-strength-label\"><\/div><\/div><\/div><div class=\"iump-form-line-register iump-form-password\" id=\"ihc_reg_password_6511\"><label class=\"iump-labels-register\"><span class=\"ihc-required-sign\">*<\/span>Confirmer le mot de passe<\/label><input type=\"password\" name=\"pass2\"  class=\"\" value=\"\" placeholder=\"\"  data-rules=\"6,1\"\/><div class=\"ihc-strength-wrapper\"><ul class=\"ihc-strength\"><li class=\"point\"><\/li><li class=\"point\"><\/li><li class=\"point\"><\/li><li class=\"point\"><\/li><li class=\"point\"><\/li><\/ul><div class=\"ihc-strength-label\"><\/div><\/div><\/div><div class=\"iump-form-line-register iump-form-radio\" id=\"ihc_reg_radio_8085\"><label class=\"iump-labels-register\">Titre<\/label><div class=\"iump-form-radiobox-wrapper\" id=\"ihc_radio_parent_343\"><div class=\"iump-form-radiobox\"><input type=\"radio\" name=\"titre\"  class=\"\" value=\"Miss\"     \/>Mlle<\/div><div class=\"iump-form-radiobox\"><input type=\"radio\" name=\"titre\"  class=\"\" value=\"Mrs\"     \/>Mme<\/div><div class=\"iump-form-radiobox\"><input type=\"radio\" name=\"titre\"  class=\"\" value=\"Mr\"     \/>Mr<\/div><\/div><\/div><div class=\"iump-form-line-register iump-form-text\" id=\"ihc_reg_text_9137\"><label class=\"iump-labels-register\"><span class=\"ihc-required-sign\">*<\/span>First Name<\/label><input type=\"text\" name=\"first_name\"  class=\"\" value=\"\" placeholder=\"\"   \/><\/div><div class=\"iump-form-line-register iump-form-text\" id=\"ihc_reg_text_9157\"><label class=\"iump-labels-register\"><span class=\"ihc-required-sign\">*<\/span>Nom<\/label><input type=\"text\" name=\"last_name\"  class=\"\" value=\"\" placeholder=\"\"   \/><\/div><div class=\"iump-form-line-register iump-form-text\" id=\"ihc_reg_text_4605\"><label class=\"iump-labels-register\"><span class=\"ihc-required-sign\">*<\/span>Date de naissance<\/label><input type=\"text\" name=\"naissancedate\"  class=\"\" value=\"\" placeholder=\"\"   \/><label class=\"iump-form-sublabel\">jj\/mm\/aaaa<\/label><\/div><div class=\"iump-form-line-register iump-form-ihc_country\" id=\"ihc_reg_ihc_country_7671\"><label class=\"iump-labels-register\"><span class=\"ihc-required-sign\">*<\/span>Pays de naissance<\/label><select name=\"ihc_country\" id=\"ihc_country_field\" onchange=\"ihcUpdateStateField( true ); ihcUpdateCart();\"><option value=\"AF\" >Afghanistan<\/option><option value=\"AX\" >Aland Islands<\/option><option value=\"AL\" >Albanie<\/option><option value=\"DZ\" >Alg\u00e9rie<\/option><option value=\"AS\" >Samoa Am\u00e9ricaines<\/option><option value=\"AD\" >Andorre<\/option><option value=\"AO\" >Angola<\/option><option value=\"AI\" >Anguilla<\/option><option value=\"AQ\" >Antarctique<\/option><option value=\"AG\" >Antigua-et-Barbuda<\/option><option value=\"AR\" >Argentine<\/option><option value=\"AM\" >Arm\u00e9nie<\/option><option value=\"AW\" >Aruba<\/option><option value=\"AU\" >Australie<\/option><option value=\"AT\" >Autriche<\/option><option value=\"AZ\" >Azerba\u00efdjan<\/option><option value=\"BS\" >Bahamas<\/option><option value=\"BH\" >Bahre\u00efn<\/option><option value=\"BD\" >Bangladesh<\/option><option value=\"BB\" >Barbade<\/option><option value=\"BY\" >Bi\u00e9lorussie<\/option><option value=\"BE\" >Belgique<\/option><option value=\"PW\" >Belau<\/option><option value=\"BZ\" >Belize<\/option><option value=\"BJ\" >B\u00e9nin<\/option><option value=\"BM\" >Bermudes<\/option><option value=\"BT\" >Bhoutan<\/option><option value=\"BO\" >Bolivie<\/option><option value=\"BQ\" >Saba, Saint-Eustache et Bonaire<\/option><option value=\"BA\" >Bosnie-Herz\u00e9govine<\/option><option value=\"BW\" >Botswana<\/option><option value=\"BV\" >\u00cele Bouvet<\/option><option value=\"BR\" >Br\u00e9sil<\/option><option value=\"IO\" >Territoires britanniques de l&#039;oc\u00e9an Indien<\/option><option value=\"VG\" >\u00celes Vierges britanniques<\/option><option value=\"BN\" >Brunei<\/option><option value=\"BG\" >Bulgarie<\/option><option value=\"BF\" >Burkina Faso<\/option><option value=\"BI\" >Burundi<\/option><option value=\"KH\" >Cambodge<\/option><option value=\"CM\" >Cameroun<\/option><option value=\"CA\" >Canada<\/option><option value=\"CV\" >Cap Vert<\/option><option value=\"KY\" >\u00celes Ca\u00efmans<\/option><option value=\"CF\" >R\u00e9publique Centrafricaine<\/option><option value=\"TD\" >Tchad<\/option><option value=\"CL\" >Chili<\/option><option value=\"CN\" >Chine<\/option><option value=\"CX\" >Ile Christmas<\/option><option value=\"CC\" >\u00celes Cocos<\/option><option value=\"CO\" >Colombie<\/option><option value=\"KM\" >Comores<\/option><option value=\"CG\" >Congo (Brazzaville)<\/option><option value=\"CD\" >Congo (Kinshasa)<\/option><option value=\"CK\" >\u00celes Cook<\/option><option value=\"CR\" >Costa Rica<\/option><option value=\"HR\" >Croatie<\/option><option value=\"CU\" >Cuba<\/option><option value=\"CW\" >Cura\u00e7ao<\/option><option value=\"CY\" >Chypre<\/option><option value=\"CZ\" >R\u00e9publique Tch\u00e8que<\/option><option value=\"DK\" >Danemark<\/option><option value=\"DJ\" >Djibouti<\/option><option value=\"DM\" >Dominica<\/option><option value=\"DO\" >R\u00e9publique Dominicaine<\/option><option value=\"EC\" >\u00c9quateur<\/option><option value=\"EG\" >\u00c9gypte<\/option><option value=\"SV\" >Salvador<\/option><option value=\"GQ\" >Guin\u00e9e \u00c9quatoriale<\/option><option value=\"ER\" >Erythr\u00e9e<\/option><option value=\"EE\" >Estonie<\/option><option value=\"ET\" >\u00c9thiopie<\/option><option value=\"FK\" >\u00celes Falkland<\/option><option value=\"FO\" >\u00celes F\u00e9ro\u00e9<\/option><option value=\"FJ\" >Fidji<\/option><option value=\"FI\" >Finlande<\/option><option value=\"FR\" >France<\/option><option value=\"GF\" >Guyane Fran\u00e7aise<\/option><option value=\"PF\" >Polyn\u00e9sie Fran\u00e7aise<\/option><option value=\"TF\" >Terres Australes Fran\u00e7aises<\/option><option value=\"GA\" >Gabon<\/option><option value=\"GM\" >Gambie<\/option><option value=\"GE\" >G\u00e9orgie<\/option><option value=\"DE\" >Allemagne<\/option><option value=\"GH\" >Ghana<\/option><option value=\"GI\" >Gibraltar<\/option><option value=\"GR\" >Gr\u00e8ce<\/option><option value=\"GL\" >Groenland<\/option><option value=\"GD\" >Grenade<\/option><option value=\"GP\" >Guadeloupe<\/option><option value=\"GU\" >Guam<\/option><option value=\"GT\" >Guatemala<\/option><option value=\"GG\" >Guernesey<\/option><option value=\"GN\" >Guin\u00e9e<\/option><option value=\"GW\" >Guin\u00e9e-Bissau<\/option><option value=\"GY\" >Guyane<\/option><option value=\"HT\" >Ha\u00efti<\/option><option value=\"HM\" >\u00celes Heard-et-MacDonald<\/option><option value=\"HN\" >Honduras<\/option><option value=\"HK\" >Hong Kong<\/option><option value=\"HU\" >Hongrie<\/option><option value=\"IS\" >Islande<\/option><option value=\"IN\" >Inde<\/option><option value=\"ID\" >Indon\u00e9sie<\/option><option value=\"IR\" >Iran<\/option><option value=\"IQ\" >Irak<\/option><option value=\"IE\" >Irlande<\/option><option value=\"IM\" >\u00cele de Man<\/option><option value=\"IL\" >Isra\u00ebl<\/option><option value=\"IT\" >Italie<\/option><option value=\"CI\" >C\u00f4te-d\u2019Ivoire<\/option><option value=\"JM\" >Jama\u00efque<\/option><option value=\"JP\" >Japon<\/option><option value=\"JE\" >Jersey<\/option><option value=\"JO\" >Jordanie<\/option><option value=\"KZ\" >Kazakhstan<\/option><option value=\"KE\" >Kenya<\/option><option value=\"KI\" >Kiribati<\/option><option value=\"KW\" >Kowe\u00eft<\/option><option value=\"KG\" >Kirghizistan<\/option><option value=\"LA\" >Laos<\/option><option value=\"LV\" >Lettonie<\/option><option value=\"LB\" >Liban<\/option><option value=\"LS\" >Lesotho<\/option><option value=\"LR\" >Liberia<\/option><option value=\"LY\" >Libye<\/option><option value=\"LI\" >Liechtenstein<\/option><option value=\"LT\" >Lituanie<\/option><option value=\"LU\" >Luxembourg<\/option><option value=\"MO\" >Macao S.A.R., Chine<\/option><option value=\"MK\" >Mac\u00e9doine<\/option><option value=\"MG\" >Madagascar<\/option><option value=\"MW\" >Malawi<\/option><option value=\"MY\" >Malaisie<\/option><option value=\"MV\" >Maldives<\/option><option value=\"ML\" >Mali<\/option><option value=\"MT\" >Malte<\/option><option value=\"MH\" >\u00celes Marshall<\/option><option value=\"MQ\" selected>Martinique<\/option><option value=\"MR\" >Mauritanie<\/option><option value=\"MU\" >Maurice<\/option><option value=\"YT\" >Mayotte<\/option><option value=\"MX\" >Mexique<\/option><option value=\"FM\" >Micron\u00e9sie<\/option><option value=\"MD\" >Moldavie<\/option><option value=\"MC\" >Monaco<\/option><option value=\"MN\" >Mongolie<\/option><option value=\"ME\" >Mont\u00e9n\u00e9gro<\/option><option value=\"MS\" >Montserrat<\/option><option value=\"MA\" >Maroc<\/option><option value=\"MZ\" >Mozambique<\/option><option value=\"MM\" >Myanmar<\/option><option value=\"NA\" >Namibie<\/option><option value=\"NR\" >Nauru<\/option><option value=\"NP\" >N\u00e9pal<\/option><option value=\"NL\" >Pays-Bas<\/option><option value=\"AN\" >Antilles N\u00e9erlandaises<\/option><option value=\"NC\" >Nouvelle-Cal\u00e9donie<\/option><option value=\"NZ\" >Nouvelle-Z\u00e9lande<\/option><option value=\"NI\" >Nicaragua<\/option><option value=\"NE\" >Niger<\/option><option value=\"NG\" >Nigeria<\/option><option value=\"NU\" >Niue<\/option><option value=\"NF\" >\u00cele Norfolk<\/option><option value=\"MP\" >Iles Mariannes du Nord<\/option><option value=\"KP\" >Cor\u00e9e du Nord<\/option><option value=\"NO\" >Norv\u00e8ge<\/option><option value=\"OM\" >Oman<\/option><option value=\"PK\" >Pakistan<\/option><option value=\"PS\" >Territoire Palestinien<\/option><option value=\"PA\" >Panama<\/option><option value=\"PG\" >Papouasie-Nouvelle-Guin\u00e9e<\/option><option value=\"PY\" >Paraguay<\/option><option value=\"PE\" >P\u00e9rou<\/option><option value=\"PH\" >Philippines<\/option><option value=\"PN\" >Pitcairn<\/option><option value=\"PL\" >Pologne<\/option><option value=\"PT\" >Portugal<\/option><option value=\"PR\" >Porto Rico<\/option><option value=\"QA\" >Quatar<\/option><option value=\"RE\" >La R\u00e9union<\/option><option value=\"RO\" >Roumanie<\/option><option value=\"RU\" >Russie<\/option><option value=\"RW\" >Rwanda<\/option><option value=\"BL\" >Saint Barth\u00e9lemy<\/option><option value=\"SH\" >Sainte-H\u00e9l\u00e8ne<\/option><option value=\"KN\" >Saint-Kitts-et-Nevis<\/option><option value=\"LC\" >Sainte-Lucie<\/option><option value=\"MF\" >Saint-Martin (partie fran\u00e7aise)<\/option><option value=\"SX\" >Saint-Martin (partie n\u00e9erlandaise)<\/option><option value=\"PM\" >Saint Pierre et Miquelon<\/option><option value=\"VC\" >Saint-Vincent-et-les-Grenadines<\/option><option value=\"SM\" >Saint-Marin<\/option><option value=\"ST\" >Sao Tom\u00e9-et-Principe<\/option><option value=\"SA\" >Arabie Saoudite<\/option><option value=\"SN\" >S\u00e9n\u00e9gal<\/option><option value=\"RS\" >Serbie<\/option><option value=\"SC\" >Seychelles<\/option><option value=\"SL\" >Sierra Leone<\/option><option value=\"SG\" >Singapour<\/option><option value=\"SK\" >Slovaquie<\/option><option value=\"SI\" >Slov\u00e9nie<\/option><option value=\"SB\" >\u00celes Salomon<\/option><option value=\"SO\" >Somalie<\/option><option value=\"ZA\" >Afrique du Sud<\/option><option value=\"GS\" >G\u00e9orgie du Sud \/ \u00eeles Sandwich<\/option><option value=\"KR\" >Cor\u00e9e du Sud<\/option><option value=\"SS\" >Soudan du Sud<\/option><option value=\"ES\" >Espagne<\/option><option value=\"LK\" >Sri Lanka<\/option><option value=\"SD\" >Soudan<\/option><option value=\"SR\" >Suriname<\/option><option value=\"SJ\" >Svalbard et Jan Mayen<\/option><option value=\"SZ\" >Swaziland<\/option><option value=\"SE\" >Su\u00e8de<\/option><option value=\"CH\" >Suisse<\/option><option value=\"SY\" >Syrie<\/option><option value=\"TW\" >Ta\u00efwan<\/option><option value=\"TJ\" >Tadjikistan<\/option><option value=\"TZ\" >Tanzanie<\/option><option value=\"TH\" >Tha\u00eflande<\/option><option value=\"TL\" >Timor-Leste<\/option><option value=\"TG\" >Togo<\/option><option value=\"TK\" >Tokelau<\/option><option value=\"TO\" >Tonga<\/option><option value=\"TT\" >Trinit\u00e9-et-Tobago<\/option><option value=\"TN\" >Tunisie<\/option><option value=\"TR\" >Turquie<\/option><option value=\"TM\" >Turkm\u00e9nistan<\/option><option value=\"TC\" >\u00celes Turques et Ca\u00efques<\/option><option value=\"TV\" >Tuvalu<\/option><option value=\"UG\" >Ouganda<\/option><option value=\"UA\" >Ukraine<\/option><option value=\"AE\" >\u00c9mirats Arabes Unis<\/option><option value=\"GB\" >Royaume-Uni (UK)<\/option><option value=\"US\" >Etats-Unis (USA)<\/option><option value=\"UM\" >\u00celes Mineures \u00e9loign\u00e9es des \u00c9tats-Unis<\/option><option value=\"VI\" >\u00celes Vierges am\u00e9ricaines (US)<\/option><option value=\"UY\" >Uruguay<\/option><option value=\"UZ\" >Ouzb\u00e9kistan<\/option><option value=\"VU\" >Vanuatu<\/option><option value=\"VA\" >Vatican<\/option><option value=\"VE\" >Venezuela<\/option><option value=\"VN\" >Viet Nam<\/option><option value=\"WF\" >Wallis et Futuna<\/option><option value=\"EH\" >Sahara occidental<\/option><option value=\"WS\" >Samoa<\/option><option value=\"YE\" >Y\u00e9men<\/option><option value=\"ZM\" >Zambie<\/option><option value=\"ZW\" >Zimbabwe<\/option><\/select><ul id=\"ihc_countries_list_ul\" class=\"ihc-display-none\"><\/ul>\r\n\t\t\t\t\t<span class=\"ihc-js-countries-list-data\"\r\n\t\t\t\t\t\t\t\tdata-selector=\"#ihc_country_field\"\r\n\t\t\t\t\t\t\t\tdata-placeholder=\"S\u00e9lectionnez votre pays\"\r\n\t\t\t\t\t><\/span><\/div><div class=\"iump-form-line-register iump-form-text\" id=\"ihc_reg_text_5415\"><label class=\"iump-labels-register\"><span class=\"ihc-required-sign\">*<\/span>Nationalit\u00e9<\/label><input type=\"text\" name=\"nationalite\"  class=\"\" value=\"\" placeholder=\"\"   \/><\/div><div class=\"iump-form-line-register iump-form-text\" id=\"ihc_reg_text_9750\"><label class=\"iump-labels-register\"><span class=\"ihc-required-sign\">*<\/span>Adresse postale<\/label><input type=\"text\" name=\"adresse\"  class=\"\" value=\"\" placeholder=\"\"   \/><\/div><div class=\"iump-form-line-register iump-form-text\" id=\"ihc_reg_text_9821\"><label class=\"iump-labels-register\">Code postal<\/label><input type=\"text\" name=\"zip\"  class=\"\" value=\"\" placeholder=\"\"   \/><\/div><div class=\"iump-form-line-register iump-form-text\" id=\"ihc_reg_text_4333\"><label class=\"iump-labels-register\"><span class=\"ihc-required-sign\">*<\/span>Ville<\/label><input type=\"text\" name=\"ville\"  class=\"\" value=\"\" placeholder=\"\"   \/><\/div><div class=\"iump-form-line-register iump-form-text\" id=\"ihc_reg_text_5444\"><label class=\"iump-labels-register\"><span class=\"ihc-required-sign\">*<\/span>Pays<\/label><input type=\"text\" name=\"Pays\"  class=\"\" value=\"\" placeholder=\"\"   \/><\/div><div class=\"iump-form-line-register iump-form-text\" id=\"ihc_reg_text_7384\"><label class=\"iump-labels-register\"><span class=\"ihc-required-sign\">*<\/span>N\u00b0 de t\u00e9l\u00e9phone<\/label><input type=\"text\" name=\"phone\"  class=\"\" value=\"\" placeholder=\"\"   \/><label class=\"iump-form-sublabel\">International format<\/label><\/div><input type=\"hidden\" name=\"ihc_payment_gateway\" value=\"bank_transfer\" \/><input type=\"hidden\" name=\"ihcaction\"  class=\"\" value=\"register\"  \/><div class=\"iump-submit-form\"><div class=\"iump-register-row-left\"><input type=\"submit\" value=\"S&#039;inscrire\" name=\"Submit\" id=\"ihc_submit_bttn\" class=\"button button-primary button-large\"   \/><\/div><div class=\"iump-register-row-right\"><div class=\"ihc-login-link\"><a href=\"https:\/\/cariscos.com\/fr\/se-connecter\/\">Connexion<\/a><\/div><\/div><div class=\"iump-clear\"><\/div><\/div><input type='hidden' name='ihc_user_add_edit_nonce' value='10b404f782' \/><input type=\"hidden\" name=\"ihcFormType\" value=\"register\" \/><input type=\"hidden\" name=\"trp-form-language\" value=\"fr\"\/><\/form><\/div>","protected":false},"excerpt":{"rendered":"","protected":false},"author":1,"featured_media":0,"parent":0,"menu_order":0,"comment_status":"closed","ping_status":"closed","template":"","meta":{"_monsterinsights_skip_tracking":false,"_monsterinsights_sitenote_active":false,"_monsterinsights_sitenote_note":"","_monsterinsights_sitenote_category":0,"footnotes":""},"acf":[],"yoast_head":"<!-- This site is optimized with the Yoast SEO plugin v22.4 - https:\/\/yoast.com\/wordpress\/plugins\/seo\/ -->\n<title>Sign Up - CARISCOS<\/title>\n<meta name=\"robots\" content=\"index, follow, max-snippet:-1, max-image-preview:large, max-video-preview:-1\" \/>\n<link rel=\"canonical\" href=\"https:\/\/cariscos.com\/fr\/register\/\" \/>\n<meta property=\"og:locale\" content=\"fr_FR\" \/>\n<meta property=\"og:type\" content=\"article\" \/>\n<meta property=\"og:title\" content=\"Sign Up - CARISCOS\" \/>\n<meta property=\"og:url\" content=\"https:\/\/cariscos.com\/fr\/register\/\" \/>\n<meta property=\"og:site_name\" content=\"CARISCOS\" \/>\n<meta property=\"article:modified_time\" content=\"2022-01-18T02:06:08+00:00\" \/>\n<meta name=\"twitter:card\" content=\"summary_large_image\" \/>\n<script type=\"application\/ld+json\" class=\"yoast-schema-graph\">{\"@context\":\"https:\/\/schema.org\",\"@graph\":[{\"@type\":\"WebPage\",\"@id\":\"https:\/\/cariscos.com\/register\/\",\"url\":\"https:\/\/cariscos.com\/register\/\",\"name\":\"Sign Up - CARISCOS\",\"isPartOf\":{\"@id\":\"https:\/\/cariscos.com\/#website\"},\"datePublished\":\"2021-08-04T14:02:25+00:00\",\"dateModified\":\"2022-01-18T02:06:08+00:00\",\"breadcrumb\":{\"@id\":\"https:\/\/cariscos.com\/register\/#breadcrumb\"},\"inLanguage\":\"fr-FR\",\"potentialAction\":[{\"@type\":\"ReadAction\",\"target\":[\"https:\/\/cariscos.com\/register\/\"]}]},{\"@type\":\"BreadcrumbList\",\"@id\":\"https:\/\/cariscos.com\/register\/#breadcrumb\",\"itemListElement\":[{\"@type\":\"ListItem\",\"position\":1,\"name\":\"Accueil\",\"item\":\"https:\/\/cariscos.com\/\"},{\"@type\":\"ListItem\",\"position\":2,\"name\":\"Sign Up\"}]},{\"@type\":\"WebSite\",\"@id\":\"https:\/\/cariscos.com\/#website\",\"url\":\"https:\/\/cariscos.com\/\",\"name\":\"CARISCOS\",\"description\":\"The Caribbean Society of Cosmetic Scientists\",\"publisher\":{\"@id\":\"https:\/\/cariscos.com\/#organization\"},\"potentialAction\":[{\"@type\":\"SearchAction\",\"target\":{\"@type\":\"EntryPoint\",\"urlTemplate\":\"https:\/\/cariscos.com\/?s={search_term_string}\"},\"query-input\":\"required name=search_term_string\"}],\"inLanguage\":\"fr-FR\"},{\"@type\":\"Organization\",\"@id\":\"https:\/\/cariscos.com\/#organization\",\"name\":\"CARISCOS\",\"url\":\"https:\/\/cariscos.com\/\",\"logo\":{\"@type\":\"ImageObject\",\"inLanguage\":\"fr-FR\",\"@id\":\"https:\/\/cariscos.com\/#\/schema\/logo\/image\/\",\"url\":\"https:\/\/cariscos.com\/wp-content\/uploads\/2018\/12\/CARISCOS-couleur2.png\",\"contentUrl\":\"https:\/\/cariscos.com\/wp-content\/uploads\/2018\/12\/CARISCOS-couleur2.png\",\"width\":200,\"height\":77,\"caption\":\"CARISCOS\"},\"image\":{\"@id\":\"https:\/\/cariscos.com\/#\/schema\/logo\/image\/\"}}]}<\/script>\n<!-- \/ Yoast SEO plugin. -->","yoast_head_json":{"title":"Sign Up - CARISCOS","robots":{"index":"index","follow":"follow","max-snippet":"max-snippet:-1","max-image-preview":"max-image-preview:large","max-video-preview":"max-video-preview:-1"},"canonical":"https:\/\/cariscos.com\/fr\/register\/","og_locale":"fr_FR","og_type":"article","og_title":"Sign Up - CARISCOS","og_url":"https:\/\/cariscos.com\/fr\/register\/","og_site_name":"CARISCOS","article_modified_time":"2022-01-18T02:06:08+00:00","twitter_card":"summary_large_image","schema":{"@context":"https:\/\/schema.org","@graph":[{"@type":"WebPage","@id":"https:\/\/cariscos.com\/register\/","url":"https:\/\/cariscos.com\/register\/","name":"Sign Up - CARISCOS","isPartOf":{"@id":"https:\/\/cariscos.com\/#website"},"datePublished":"2021-08-04T14:02:25+00:00","dateModified":"2022-01-18T02:06:08+00:00","breadcrumb":{"@id":"https:\/\/cariscos.com\/register\/#breadcrumb"},"inLanguage":"fr-FR","potentialAction":[{"@type":"ReadAction","target":["https:\/\/cariscos.com\/register\/"]}]},{"@type":"BreadcrumbList","@id":"https:\/\/cariscos.com\/register\/#breadcrumb","itemListElement":[{"@type":"ListItem","position":1,"name":"Accueil","item":"https:\/\/cariscos.com\/"},{"@type":"ListItem","position":2,"name":"Sign Up"}]},{"@type":"WebSite","@id":"https:\/\/cariscos.com\/#website","url":"https:\/\/cariscos.com\/","name":"CARISCOS","description":"The Caribbean Society of Cosmetic Scientists","publisher":{"@id":"https:\/\/cariscos.com\/#organization"},"potentialAction":[{"@type":"SearchAction","target":{"@type":"EntryPoint","urlTemplate":"https:\/\/cariscos.com\/?s={search_term_string}"},"query-input":"required name=search_term_string"}],"inLanguage":"fr-FR"},{"@type":"Organization","@id":"https:\/\/cariscos.com\/#organization","name":"CARISCOS","url":"https:\/\/cariscos.com\/","logo":{"@type":"ImageObject","inLanguage":"fr-FR","@id":"https:\/\/cariscos.com\/#\/schema\/logo\/image\/","url":"https:\/\/cariscos.com\/wp-content\/uploads\/2018\/12\/CARISCOS-couleur2.png","contentUrl":"https:\/\/cariscos.com\/wp-content\/uploads\/2018\/12\/CARISCOS-couleur2.png","width":200,"height":77,"caption":"CARISCOS"},"image":{"@id":"https:\/\/cariscos.com\/#\/schema\/logo\/image\/"}}]}},"_links":{"self":[{"href":"https:\/\/cariscos.com\/fr\/wp-json\/wp\/v2\/pages\/844"}],"collection":[{"href":"https:\/\/cariscos.com\/fr\/wp-json\/wp\/v2\/pages"}],"about":[{"href":"https:\/\/cariscos.com\/fr\/wp-json\/wp\/v2\/types\/page"}],"author":[{"embeddable":true,"href":"https:\/\/cariscos.com\/fr\/wp-json\/wp\/v2\/users\/1"}],"replies":[{"embeddable":true,"href":"https:\/\/cariscos.com\/fr\/wp-json\/wp\/v2\/comments?post=844"}],"version-history":[{"count":4,"href":"https:\/\/cariscos.com\/fr\/wp-json\/wp\/v2\/pages\/844\/revisions"}],"predecessor-version":[{"id":2652,"href":"https:\/\/cariscos.com\/fr\/wp-json\/wp\/v2\/pages\/844\/revisions\/2652"}],"wp:attachment":[{"href":"https:\/\/cariscos.com\/fr\/wp-json\/wp\/v2\/media?parent=844"}],"curies":[{"name":"wp","href":"https:\/\/api.w.org\/{rel}","templated":true}]}}